{"id":11558,"date":"2023-12-20T18:05:17","date_gmt":"2023-12-20T18:05:17","guid":{"rendered":"https:\/\/medienlb.com\/produkt\/messen-und-wiegen\/"},"modified":"2025-02-07T14:15:44","modified_gmt":"2025-02-07T14:15:44","slug":"messen-und-wiegen","status":"publish","type":"product","link":"https:\/\/www.medienlb.com\/en\/produkt\/messen-und-wiegen\/","title":{"rendered":"Messen und Wiegen"},"content":{"rendered":"<p>Richtig mit L\u00e4ngen und Gewichten zu rechnen ist eine Grundvoraussetzung f\u00fcr eine aktive Teilnahme am gesellschaftlichen Leben. Der Film stellt anschaulich f\u00fcr Grundsch\u00fcler:innen Messinstrumente und -verfahren vor und zeigt die allt\u00e4gliche Bedeutung richtigen Wiegens.<br \/>\nDie jeweiligen Ma\u00dfeinheiten werden anschaulich dargestellt und verdeutlicht.<br \/>\nIn Verbindung mit dem umfangreichen Zusatzmaterial (Arbeitsbl\u00e4tter, Testfragen, Glossar, interaktive Aufgaben) l\u00e4sst sich das vorliegende Medium hervorragend im Unterricht einsetzen.<\/p>\n<p>&nbsp;<\/p>\n","protected":false},"excerpt":{"rendered":"<p>Richtig mit L\u00e4ngen und Gewichten zu rechnen ist eine Grundvoraussetzung f\u00fcr eine aktive Teilnahme am gesellschaftlichen Leben. Der Film stellt anschaulich f\u00fcr Grundsch\u00fcler:innen Messinstrumente und -verfahren vor und zeigt die allt\u00e4gliche Bedeutung richtigen Wiegens.<\/p>\n","protected":false},"featured_media":11556,"template":"","meta":{"_acf_changed":false},"product_brand":[],"product_cat":[70],"product_tag":[97,129],"class_list":{"0":"post-11558","1":"product","2":"type-product","3":"status-publish","4":"has-post-thumbnail","6":"product_cat-film","7":"product_tag-subject-grundschule","8":"product_tag-target-gru","9":"product_shipping_class-dvd-versand","11":"first","12":"instock","13":"taxable","14":"shipping-taxable","15":"purchasable","16":"product-type-variable"},"acf":{"subtitle":"Rechnen mit L\u00e4ngen und Gewichten","article_id":"46504523 \/ 55503691","languages":"DE","thumb_up":false,"cover_image":28476,"linked_product":"","linked_products":null,"banner":{"show":true,"text":"","color":""},"length":"19:55 min","content_movie":"Im ausf\u00fchrlichen Datenteil der DVD 78 Seiten Unterrichts- und Begleitmaterial, davon:\r\n10 Seiten Arbeitsbl\u00e4tter und Erg\u00e4nzungen mit L\u00f6sungen\r\n10 Testaufgaben\r\n10 Interaktive Aufgaben","learning_goals":"Die Sch\u00fcler:innen kennen Ma\u00dfeinheiten f\u00fcr Strecken- und Gewichtsmessung\r\nDie Sch\u00fcler:innen f\u00fchren eigene Messungen durch\r\nDie Sch\u00fcler:innen diskutieren die Bedeutung einheitlicher Ma\u00dfeinheiten\r\n\r\n&nbsp;","preview_gif":11555,"trailer":{"file":"","url":"https:\/\/www.lehrmediathek.de\/trailer\/Trailer_Messen_und_Wiegen.mp4","image":11564},"mediathek_id":749,"amount":"","demo_url":"","h5p_demo_id":"","content_interactive":"","hide_numbers":false,"flyer":"","info_columns":null},"_links":{"self":[{"href":"https:\/\/www.medienlb.com\/en\/wp-json\/wp\/v2\/product\/11558","targetHints":{"allow":["GET"]}}],"collection":[{"href":"https:\/\/www.medienlb.com\/en\/wp-json\/wp\/v2\/product"}],"about":[{"href":"https:\/\/www.medienlb.com\/en\/wp-json\/wp\/v2\/types\/product"}],"wp:featuredmedia":[{"embeddable":true,"href":"https:\/\/www.medienlb.com\/en\/wp-json\/wp\/v2\/media\/11556"}],"wp:attachment":[{"href":"https:\/\/www.medienlb.com\/en\/wp-json\/wp\/v2\/media?parent=11558"}],"wp:term":[{"taxonomy":"product_brand","embeddable":true,"href":"https:\/\/www.medienlb.com\/en\/wp-json\/wp\/v2\/product_brand?post=11558"},{"taxonomy":"product_cat","embeddable":true,"href":"https:\/\/www.medienlb.com\/en\/wp-json\/wp\/v2\/product_cat?post=11558"},{"taxonomy":"product_tag","embeddable":true,"href":"https:\/\/www.medienlb.com\/en\/wp-json\/wp\/v2\/product_tag?post=11558"}],"curies":[{"name":"wp","href":"https:\/\/api.w.org\/{rel}","templated":true}]}}