{"id":11536,"date":"2023-12-20T18:05:17","date_gmt":"2023-12-20T18:05:17","guid":{"rendered":"https:\/\/medienlb.com\/produkt\/schneewittchen\/"},"modified":"2025-02-07T14:15:54","modified_gmt":"2025-02-07T14:15:54","slug":"schneewittchen","status":"publish","type":"product","link":"https:\/\/www.medienlb.com\/en\/produkt\/schneewittchen\/","title":{"rendered":"Schneewittchen"},"content":{"rendered":"<p>Das M\u00e4rchen \u201eSchneewittchen\u201c ist eines der beliebtesten der Gebr\u00fcder Grimm. Der Film stellt in bezaubernden Spielszenen dieses M\u00e4rchen nach.<br \/>\nDie Sch\u00fcler:innen finden sich in den Darsteller:innen wieder und k\u00f6nnen sich daher mit der M\u00e4rchensituation gut identifizieren.<br \/>\nIn Verbindung mit dem umfangreichen Begleitmaterial (Arbeitsbl\u00e4tter, interaktive Aufgaben, Testfragen, Glossar) l\u00e4sst sich das Medium hervorragend im Unterricht verwenden.<\/p>\n<p>Lernziele:<\/p>\n<p>Kennen grundlegende sprachliche Merkmale eines M\u00e4rchens<br \/>\nVergleichen den Charakter der b\u00f6sen Stiefmutter mit einer Figur aus eigener Lekt\u00fcre<br \/>\nBewerten die filmische Umsetzung eines Stoffes der kanonischen Literatur<\/p>\n<p>&nbsp;<\/p>\n","protected":false},"excerpt":{"rendered":"<p>Das M\u00e4rchen \u201eSchneewittchen\u201c ist eines der beliebtesten der Gebr\u00fcder Grimm. Der Film stellt in bezaubernden Spielszenen dieses M\u00e4rchen nach.<\/p>\n","protected":false},"featured_media":11534,"template":"","meta":{"_acf_changed":false},"product_brand":[],"product_cat":[70],"product_tag":[97,129],"class_list":{"0":"post-11536","1":"product","2":"type-product","3":"status-publish","4":"has-post-thumbnail","6":"product_cat-film","7":"product_tag-subject-grundschule","8":"product_tag-target-gru","9":"product_shipping_class-dvd-versand","11":"first","12":"instock","13":"taxable","14":"shipping-taxable","15":"purchasable","16":"product-type-variable"},"acf":{"subtitle":"Ein M\u00e4rchen der Gebr\u00fcder Grimm","article_id":"46504536 \/ 55503704","languages":"DE","thumb_up":false,"cover_image":28480,"linked_product":[24822],"linked_products":null,"banner":{"show":true,"text":"","color":""},"length":"26:25 min","content_movie":"Im ausf\u00fchrlichen Datenteil der DVD 74 Seiten Unterrichts- und Begleitmaterial, davon:\r\n20 Seiten Arbeitsbl\u00e4tter und Erg\u00e4nzungen mit L\u00f6sungen\r\n20 Testaufgaben\r\n10 Interaktive Aufgaben","learning_goals":"","preview_gif":11533,"trailer":{"file":"","url":"https:\/\/www.lehrmediathek.de\/trailer\/Schneewittchen_Trailer.mp4","image":11542},"mediathek_id":755,"amount":"","demo_url":"","h5p_demo_id":"","content_interactive":"","hide_numbers":false,"flyer":"","info_columns":null},"_links":{"self":[{"href":"https:\/\/www.medienlb.com\/en\/wp-json\/wp\/v2\/product\/11536","targetHints":{"allow":["GET"]}}],"collection":[{"href":"https:\/\/www.medienlb.com\/en\/wp-json\/wp\/v2\/product"}],"about":[{"href":"https:\/\/www.medienlb.com\/en\/wp-json\/wp\/v2\/types\/product"}],"acf:post":[{"embeddable":true,"href":"https:\/\/www.medienlb.com\/en\/wp-json\/wp\/v2\/product\/24822"}],"wp:featuredmedia":[{"embeddable":true,"href":"https:\/\/www.medienlb.com\/en\/wp-json\/wp\/v2\/media\/11534"}],"wp:attachment":[{"href":"https:\/\/www.medienlb.com\/en\/wp-json\/wp\/v2\/media?parent=11536"}],"wp:term":[{"taxonomy":"product_brand","embeddable":true,"href":"https:\/\/www.medienlb.com\/en\/wp-json\/wp\/v2\/product_brand?post=11536"},{"taxonomy":"product_cat","embeddable":true,"href":"https:\/\/www.medienlb.com\/en\/wp-json\/wp\/v2\/product_cat?post=11536"},{"taxonomy":"product_tag","embeddable":true,"href":"https:\/\/www.medienlb.com\/en\/wp-json\/wp\/v2\/product_tag?post=11536"}],"curies":[{"name":"wp","href":"https:\/\/api.w.org\/{rel}","templated":true}]}}