{"id":11514,"date":"2023-12-20T18:05:17","date_gmt":"2023-12-20T18:05:17","guid":{"rendered":"https:\/\/medienlb.com\/produkt\/rumpelstilzchen\/"},"modified":"2025-02-07T14:16:03","modified_gmt":"2025-02-07T14:16:03","slug":"rumpelstilzchen","status":"publish","type":"product","link":"https:\/\/www.medienlb.com\/en\/produkt\/rumpelstilzchen\/","title":{"rendered":"Rumpelstilzchen"},"content":{"rendered":"<p>\u201eRumpelstilzchen\u201c\u00a0geh\u00f6rt zu den bekanntesten Volksm\u00e4rchen der Gebr\u00fcder Grimm. Mit viel Herz stellt der Film die Geschichte der sch\u00f6nen M\u00fcllerstochter und Rumpelstilzchen lebendig und anschaulich dar.<\/p>\n<p>In Verbindung mit dem umfangreichen Zusatzmaterial l\u00e4sst sich das Medium hervorragend im Unterricht verwenden. Die interaktive Aufgaben wurden mit H5P erstellt und k\u00f6nnen ohne weitere Software verwendet werden.<\/p>\n<p>&nbsp;<\/p>\n","protected":false},"excerpt":{"rendered":"<p>\u201eRumpelstilzchen\u201c\u00a0geh\u00f6rt zu den bekanntesten Volksm\u00e4rchen der Gebr\u00fcder Grimm. Mit viel Herz stellt der Film die Geschichte der sch\u00f6nen M\u00fcllerstochter und Rumpelstilzchen lebendig und anschaulich dar.<\/p>\n","protected":false},"featured_media":11512,"template":"","meta":{"_acf_changed":false},"product_brand":[],"product_cat":[70],"product_tag":[97,129],"class_list":{"0":"post-11514","1":"product","2":"type-product","3":"status-publish","4":"has-post-thumbnail","6":"product_cat-film","7":"product_tag-subject-grundschule","8":"product_tag-target-gru","9":"product_shipping_class-dvd-versand","11":"first","12":"instock","13":"taxable","14":"shipping-taxable","15":"purchasable","16":"product-type-variable"},"acf":{"subtitle":"Ein M\u00e4rchen der Gebr\u00fcder Grimm","article_id":"46508084 \/ 55504895","languages":"DE","thumb_up":false,"cover_image":28484,"linked_product":"","linked_products":null,"banner":{"show":true,"text":"","color":""},"length":"10:31 min","content_movie":"Im ausf\u00fchrlichen Datenteil der DVD 69 Seiten Unterrichts- und Begleitmaterial, davon:\r\n18 Seiten Arbeitsbl\u00e4tter und Erg\u00e4nzungen mit L\u00f6sungen\r\n12 interaktive Aufgaben","learning_goals":"1. Die Sch\u00fcler:innen kennen das M\u00e4rchen von Rumpelstilzchen\r\n2. Die Sch\u00fcler:innen lernen die charakteristischen Merkmale von M\u00e4rchen\r\n3. Die Sch\u00fcler:innen begr\u00fcnden moralische Werte anhand der Figur des Rumpelstilzchen\r\n\r\n&nbsp;","preview_gif":11511,"trailer":{"file":"","url":"https:\/\/www.lehrmediathek.de\/trailer\/Trailer_Rumpelstilzchen.mp4","image":11520},"mediathek_id":761,"amount":"","demo_url":"","h5p_demo_id":"","content_interactive":"","hide_numbers":false,"flyer":"","info_columns":null},"_links":{"self":[{"href":"https:\/\/www.medienlb.com\/en\/wp-json\/wp\/v2\/product\/11514","targetHints":{"allow":["GET"]}}],"collection":[{"href":"https:\/\/www.medienlb.com\/en\/wp-json\/wp\/v2\/product"}],"about":[{"href":"https:\/\/www.medienlb.com\/en\/wp-json\/wp\/v2\/types\/product"}],"wp:featuredmedia":[{"embeddable":true,"href":"https:\/\/www.medienlb.com\/en\/wp-json\/wp\/v2\/media\/11512"}],"wp:attachment":[{"href":"https:\/\/www.medienlb.com\/en\/wp-json\/wp\/v2\/media?parent=11514"}],"wp:term":[{"taxonomy":"product_brand","embeddable":true,"href":"https:\/\/www.medienlb.com\/en\/wp-json\/wp\/v2\/product_brand?post=11514"},{"taxonomy":"product_cat","embeddable":true,"href":"https:\/\/www.medienlb.com\/en\/wp-json\/wp\/v2\/product_cat?post=11514"},{"taxonomy":"product_tag","embeddable":true,"href":"https:\/\/www.medienlb.com\/en\/wp-json\/wp\/v2\/product_tag?post=11514"}],"curies":[{"name":"wp","href":"https:\/\/api.w.org\/{rel}","templated":true}]}}