{"id":11490,"date":"2023-12-20T18:05:17","date_gmt":"2023-12-20T18:05:17","guid":{"rendered":"https:\/\/medienlb.com\/produkt\/umweltretter\/"},"modified":"2025-02-07T14:16:12","modified_gmt":"2025-02-07T14:16:12","slug":"umweltretter","status":"publish","type":"product","link":"https:\/\/www.medienlb.com\/en\/produkt\/umweltretter\/","title":{"rendered":"Umweltretter"},"content":{"rendered":"<p>Unsere Umwelt ist in Gefahr, doch gibt es M\u00f6glichkeiten, sie zu retten und jeder kann seinen Teil dazu beitragen.<br \/>\nDer Film \u201eUmweltretter \u2013 Nachhaltig leben\u201c erkl\u00e4rt auf verst\u00e4ndliche Weise den \u00f6kologischen Fu\u00dfabdruck, oder auch den Zusammenhang zwischen der Entstehung von Treibhausgasen, dem Treibhauseffekt, der Erderw\u00e4rmung und deren Konsequenzen, wie beispielsweise das Insektensterben.<br \/>\nUnd er zeigt, welche Aktionen Menschen bereits ins Leben gerufen haben, um der Umwelt zu helfen: als Beachcleaner unterwegs sein, M\u00fcll sammeln, B\u00e4ume pflanzen, oder Permakultur-G\u00e4rten anlegen.<br \/>\nDes Weiteren offeriert der Film Anregung f\u00fcr jeden einzelnen, wie man mit einfachen \u00c4nderungen im eigenen Verhalten zu einer signifikanten Reduktion von M\u00fcll beitragen oder den CO2-Aussto\u00df senken kann.<\/p>\n","protected":false},"excerpt":{"rendered":"<p>Unsere Umwelt ist in Gefahr, doch gibt es M\u00f6glichkeiten, sie zu retten und jeder kann seinen Teil dazu beitragen.<\/p>\n","protected":false},"featured_media":11488,"template":"","meta":{"_acf_changed":false},"product_brand":[],"product_cat":[70],"product_tag":[97,129],"class_list":{"0":"post-11490","1":"product","2":"type-product","3":"status-publish","4":"has-post-thumbnail","6":"product_cat-film","7":"product_tag-subject-grundschule","8":"product_tag-target-gru","9":"product_shipping_class-dvd-versand","11":"first","12":"instock","13":"taxable","14":"shipping-taxable","15":"purchasable","16":"product-type-variable"},"acf":{"subtitle":"Nachhaltig leben","article_id":"46505040 \/ 55504919","languages":"DE","thumb_up":true,"cover_image":28488,"linked_product":[24014,24318],"linked_products":null,"banner":{"show":true,"text":"","color":""},"length":"24:18 min","content_movie":"Im ausf\u00fchrlichen Datenteil der DVD 84 Seiten Unterrichts- und Begleitmaterial, davon:\r\n20 Seiten Arbeitsbl\u00e4tter und Erg\u00e4nzungen mit L\u00f6sungen\r\n20 Testaufgaben\r\n10 interaktive Aufgaben","learning_goals":"1. Die Sch\u00fcler:innen verstehen, wie und warum der Mensch von der Natur abh\u00e4ngig ist.\r\n2. Die Sch\u00fcler:innen erkennen problematisches Umweltverhalten im eigenen Umfeld.\r\n3. Die Sch\u00fcler:innen erl\u00e4utern M\u00f6glichkeiten zur M\u00fcllreduzierung und sensiblem Konsumverhalten.\r\n\r\n&nbsp;","preview_gif":11487,"trailer":{"file":"","url":"https:\/\/www.lehrmediathek.de\/trailer\/Trailer_Umweltretter.mp4","image":11496},"mediathek_id":771,"amount":"","demo_url":"","h5p_demo_id":"","content_interactive":"","hide_numbers":false,"flyer":"","info_columns":null},"_links":{"self":[{"href":"https:\/\/www.medienlb.com\/en\/wp-json\/wp\/v2\/product\/11490","targetHints":{"allow":["GET"]}}],"collection":[{"href":"https:\/\/www.medienlb.com\/en\/wp-json\/wp\/v2\/product"}],"about":[{"href":"https:\/\/www.medienlb.com\/en\/wp-json\/wp\/v2\/types\/product"}],"acf:post":[{"embeddable":true,"href":"https:\/\/www.medienlb.com\/en\/wp-json\/wp\/v2\/product\/24318"},{"embeddable":true,"href":"https:\/\/www.medienlb.com\/en\/wp-json\/wp\/v2\/product\/24014"}],"wp:featuredmedia":[{"embeddable":true,"href":"https:\/\/www.medienlb.com\/en\/wp-json\/wp\/v2\/media\/11488"}],"wp:attachment":[{"href":"https:\/\/www.medienlb.com\/en\/wp-json\/wp\/v2\/media?parent=11490"}],"wp:term":[{"taxonomy":"product_brand","embeddable":true,"href":"https:\/\/www.medienlb.com\/en\/wp-json\/wp\/v2\/product_brand?post=11490"},{"taxonomy":"product_cat","embeddable":true,"href":"https:\/\/www.medienlb.com\/en\/wp-json\/wp\/v2\/product_cat?post=11490"},{"taxonomy":"product_tag","embeddable":true,"href":"https:\/\/www.medienlb.com\/en\/wp-json\/wp\/v2\/product_tag?post=11490"}],"curies":[{"name":"wp","href":"https:\/\/api.w.org\/{rel}","templated":true}]}}