{"id":11441,"date":"2023-12-20T18:05:17","date_gmt":"2023-12-20T18:05:17","guid":{"rendered":"https:\/\/medienlb.com\/produkt\/schwimmbad\/"},"modified":"2025-02-07T14:16:31","modified_gmt":"2025-02-07T14:16:31","slug":"schwimmbad","status":"publish","type":"product","link":"https:\/\/www.medienlb.com\/en\/produkt\/schwimmbad\/","title":{"rendered":"Schwimmbad"},"content":{"rendered":"<p>Schwimmen lernen und sich sicher und angstfrei im Wasser bewegen zu k\u00f6nnen, ist in vielerlei Hinsicht wichtig. Nicht nur, dass Schwimmen elementar f\u00fcr die Gesundheitsf\u00f6rderung und Pers\u00f6nlichkeitsentwicklung der Sch\u00fcler:innen ist \u2013 schwimmen zu k\u00f6nnen, bzw. sich in Gefahrensituationen richtig zu verhalten, kann Leben retten.<br \/>\nGrundlage des Films ist die Beantwortung der Fragen \u201eWie verhalte ich mich in einem Schwimmbad richtig?\u201c \u201eWarum muss ich mich abduschen?\u201c \u201eDarf ich mit vollem Magen schwimmen?\u201c oder auch \u201eWie viel R\u00fccksicht muss ich auf andere nehmen?\u201c.<br \/>\nSzenisch dargestellt und beschrieben werden unterschiedliche Schwimmtechniken und Schwimmstile. Auch der Spa\u00df kommt nicht zu kurz und so gibt es zahlreiche Vorschl\u00e4ge f\u00fcr Spiele im und unter Wasser.<\/p>\n","protected":false},"excerpt":{"rendered":"<p>Schwimmen lernen und sich sicher und angstfrei im Wasser bewegen zu k\u00f6nnen, ist in vielerlei Hinsicht wichtig. Nicht nur, dass Schwimmen elementar f\u00fcr die Gesundheitsf\u00f6rderung und Pers\u00f6nlichkeitsentwicklung der Sch\u00fcler:innen ist \u2013 schwimmen zu k\u00f6nnen, bzw. sich in Gefahrensituationen richtig zu verhalten, kann Leben retten.<\/p>\n","protected":false},"featured_media":11439,"template":"","meta":{"_acf_changed":false},"product_brand":[],"product_cat":[70],"product_tag":[97,129],"class_list":{"0":"post-11441","1":"product","2":"type-product","3":"status-publish","4":"has-post-thumbnail","6":"product_cat-film","7":"product_tag-subject-grundschule","8":"product_tag-target-gru","9":"product_shipping_class-dvd-versand","11":"first","12":"instock","13":"taxable","14":"shipping-taxable","15":"purchasable","16":"product-type-variable"},"acf":{"subtitle":"Regeln, Schwimmtechniken, Spiele","article_id":"46505064 \/ 55504944","languages":"DE","thumb_up":true,"cover_image":28496,"linked_product":"","linked_products":null,"banner":{"show":true,"text":"","color":""},"length":"25:08 min","content_movie":"Im ausf\u00fchrlichen Datenteil der DVD 60 Seiten Unterrichts- und Begleitmaterial, davon:\r\n6 Seiten Arbeitsbl\u00e4tter und Erg\u00e4nzungen mit L\u00f6sungen\r\n10 Interaktive Aufgaben","learning_goals":"Die Sch\u00fcler:innen benennen und reflektieren Bade- und Hygieneregeln\r\nDie Sch\u00fcler:innen kennen die Merkmale verschiedener Schwimmstile\r\n\r\n&nbsp;","preview_gif":11438,"trailer":{"file":"","url":"https:\/\/www.lehrmediathek.de\/trailer\/schwimmbad_Trailer.mp4","image":11447},"mediathek_id":785,"amount":"","demo_url":"","h5p_demo_id":"","content_interactive":"","hide_numbers":false,"flyer":"","info_columns":null},"_links":{"self":[{"href":"https:\/\/www.medienlb.com\/en\/wp-json\/wp\/v2\/product\/11441","targetHints":{"allow":["GET"]}}],"collection":[{"href":"https:\/\/www.medienlb.com\/en\/wp-json\/wp\/v2\/product"}],"about":[{"href":"https:\/\/www.medienlb.com\/en\/wp-json\/wp\/v2\/types\/product"}],"wp:featuredmedia":[{"embeddable":true,"href":"https:\/\/www.medienlb.com\/en\/wp-json\/wp\/v2\/media\/11439"}],"wp:attachment":[{"href":"https:\/\/www.medienlb.com\/en\/wp-json\/wp\/v2\/media?parent=11441"}],"wp:term":[{"taxonomy":"product_brand","embeddable":true,"href":"https:\/\/www.medienlb.com\/en\/wp-json\/wp\/v2\/product_brand?post=11441"},{"taxonomy":"product_cat","embeddable":true,"href":"https:\/\/www.medienlb.com\/en\/wp-json\/wp\/v2\/product_cat?post=11441"},{"taxonomy":"product_tag","embeddable":true,"href":"https:\/\/www.medienlb.com\/en\/wp-json\/wp\/v2\/product_tag?post=11441"}],"curies":[{"name":"wp","href":"https:\/\/api.w.org\/{rel}","templated":true}]}}