{"id":11323,"date":"2023-12-20T18:05:17","date_gmt":"2023-12-20T18:05:17","guid":{"rendered":"https:\/\/medienlb.com\/produkt\/bewerbung\/"},"modified":"2025-02-07T14:17:11","modified_gmt":"2025-02-07T14:17:11","slug":"bewerbung","status":"publish","type":"product","link":"https:\/\/www.medienlb.com\/en\/produkt\/bewerbung\/","title":{"rendered":"Bewerbung"},"content":{"rendered":"<p>Bereits in den letzten Schuljahren werden die Sch\u00fclerinnen und Sch\u00fcler mit den Anforderungen des Berufslebens vertraut gemacht.<br \/>\nDer Film begleitet vier Jugendliche, die bei einem Bewerbungscoach entscheidende Tipps f\u00fcr eine erfolgreiche Bewerbung und ein erfolgreiches Vorstellungsgespr\u00e4ch erhalten.<br \/>\n\u00dcber die Vielzahl an Berufen, Ausbildungen und Studieng\u00e4ngen k\u00f6nnen sich Sch\u00fclerinnen und Sch\u00fcler bei den Berufsinformationszentren der Bundesagentur f\u00fcr Arbeit informieren.<br \/>\nIn Interviews mit einer Berufsberaterin, die Jugendlichen wichtiges und ehrliches Feedback \u00fcber St\u00e4rken und Schw\u00e4chen im Vorstellungsgespr\u00e4ch gibt, erfahren die Zuschauer, wie wichtig der erste Eindruck ist, was es zu vermeiden und was zu beachten gilt.<\/p>\n<p>Gemeinsam mit dem umfangreichen Zusatzmaterial (klassische und interaktive Arbeitsbl\u00e4tter, Glossar, Testfragen) l\u00e4sst sich die vorliegende DVD hervorragend im Unterricht einsetzen.<\/p>\n","protected":false},"excerpt":{"rendered":"<p>Bereits in den letzten Schuljahren werden die Sch\u00fclerinnen und Sch\u00fcler mit den Anforderungen des Berufslebens vertraut gemacht.<\/p>\n","protected":false},"featured_media":11321,"template":"","meta":{"_acf_changed":false},"product_brand":[],"product_cat":[70],"product_tag":[95,119,125,127],"class_list":{"0":"post-11323","1":"product","2":"type-product","3":"status-publish","4":"has-post-thumbnail","6":"product_cat-film","7":"product_tag-subject-berufsbildung","8":"product_tag-subject-deutsch","9":"product_tag-target-sek-i","10":"product_tag-target-sek-ii","11":"product_shipping_class-dvd-versand","13":"first","14":"instock","15":"taxable","16":"shipping-taxable","17":"purchasable","18":"product-type-variable"},"acf":{"subtitle":"Vorstellungsgespr\u00e4ch, Lebenslauf","article_id":"4679006 \/ 5565770","languages":"DE","thumb_up":true,"cover_image":28514,"linked_product":[27582],"linked_products":null,"banner":{"show":true,"text":"","color":""},"length":"24:07 min","content_movie":"Im ausf\u00fchrlichen Datenteil der DVD 85 Seiten Unterrichts- und Begleitmaterial, davon:\r\n50 Seiten Arbeitsbl\u00e4tter und Erg\u00e4nzungen mit L\u00f6sungen\r\n20 Testaufgaben\r\n9 Arbeitsbl\u00e4tter f\u00fcr interaktive Whiteboards\r\n5 Master Tool Folien","learning_goals":"","preview_gif":11320,"trailer":{"file":"","url":"https:\/\/www.lehrmediathek.de\/trailer\/Trailer_Bewerbung.mp4","image":11329},"mediathek_id":558,"amount":"","demo_url":"","h5p_demo_id":"","content_interactive":"","hide_numbers":false,"flyer":"","info_columns":null},"_links":{"self":[{"href":"https:\/\/www.medienlb.com\/en\/wp-json\/wp\/v2\/product\/11323","targetHints":{"allow":["GET"]}}],"collection":[{"href":"https:\/\/www.medienlb.com\/en\/wp-json\/wp\/v2\/product"}],"about":[{"href":"https:\/\/www.medienlb.com\/en\/wp-json\/wp\/v2\/types\/product"}],"acf:post":[{"embeddable":true,"href":"https:\/\/www.medienlb.com\/en\/wp-json\/wp\/v2\/product\/27582"}],"wp:featuredmedia":[{"embeddable":true,"href":"https:\/\/www.medienlb.com\/en\/wp-json\/wp\/v2\/media\/11321"}],"wp:attachment":[{"href":"https:\/\/www.medienlb.com\/en\/wp-json\/wp\/v2\/media?parent=11323"}],"wp:term":[{"taxonomy":"product_brand","embeddable":true,"href":"https:\/\/www.medienlb.com\/en\/wp-json\/wp\/v2\/product_brand?post=11323"},{"taxonomy":"product_cat","embeddable":true,"href":"https:\/\/www.medienlb.com\/en\/wp-json\/wp\/v2\/product_cat?post=11323"},{"taxonomy":"product_tag","embeddable":true,"href":"https:\/\/www.medienlb.com\/en\/wp-json\/wp\/v2\/product_tag?post=11323"}],"curies":[{"name":"wp","href":"https:\/\/api.w.org\/{rel}","templated":true}]}}