{"id":11119,"date":"2023-12-20T18:05:17","date_gmt":"2023-12-20T18:05:17","guid":{"rendered":"https:\/\/medienlb.com\/produkt\/rechtsruck\/"},"modified":"2025-02-07T14:18:29","modified_gmt":"2025-02-07T14:18:29","slug":"rechtsruck","status":"publish","type":"product","link":"https:\/\/www.medienlb.com\/en\/produkt\/rechtsruck\/","title":{"rendered":"Rechtsruck"},"content":{"rendered":"<p>PEGIDA, AfD in Deutschland und die FP\u00d6 in \u00d6sterreich als Sprachrohr von mit der eigenen Regierung unzufriedenen und von der Globalisierung abgeh\u00e4ngten B\u00fcrgern.<br \/>\nDie Mehrzahl der B\u00fcrger Deutschlands tritt ein f\u00fcr die Demokratie, f\u00fcr den Pluralismus der Gesellschaft, also f\u00fcr die Werte, die unser Gemeinwesen in Europa nunmehr seit \u00fcber 70 Jahren auszeichnen. Gleichwohl sind viele B\u00fcrger, besonders im Ruhrpott, betroffen vom Niedergang der st\u00e4dtischen Infrastruktur aus Geldmangel oder weil sie aus dem Fokus der Politik geraten sind.<br \/>\nDas Gef\u00fchl, nicht geh\u00f6rt zu werden, nicht ernst genommen zu werden, dass sich nichts \u00e4ndert, dass man abgeh\u00e4ngt worden ist, schleicht sich tief in die Mittelschicht hinein. Die Populisten haben nur darauf gewartet. Jeder F\u00fcnfte ist bereit, sich mit k\u00f6rperlicher Gewalt gegen Fremde durchzusetzen. Wobei sich der Hass weniger gegen Ausl\u00e4nder generell richtet, sondern jetzt verst\u00e4rkt gegen einzelne Gruppen.<\/p>\n<p>Gemeinsam mit dem umfangreichen Unterrichtsmaterial (klassische und interaktive Arbeitsbl\u00e4tter, Testaufgaben, Lehrtexte etc.) ist der Film sehr gut f\u00fcr den Einsatz im Unterricht geeignet.<\/p>\n","protected":false},"excerpt":{"rendered":"<p>PEGIDA, AfD in Deutschland und die FP\u00d6 in \u00d6sterreich als Sprachrohr von mit der eigenen Regierung unzufriedenen und von der Globalisierung abgeh\u00e4ngten B\u00fcrgern.<\/p>\n","protected":false},"featured_media":11117,"template":"","meta":{"_acf_changed":false},"product_brand":[],"product_cat":[70],"product_tag":[93,125],"class_list":{"0":"post-11119","1":"product","2":"type-product","3":"status-publish","4":"has-post-thumbnail","6":"product_cat-film","7":"product_tag-subject-politik-sozialkunde","8":"product_tag-target-sek-i","9":"product_shipping_class-dvd-versand","11":"first","12":"instock","13":"taxable","14":"shipping-taxable","15":"purchasable","16":"product-type-variable"},"acf":{"subtitle":"Auch bei uns?","article_id":"4677314 \/ 5564522","languages":"DE","thumb_up":false,"cover_image":28542,"linked_product":"","linked_products":null,"banner":{"show":true,"text":"","color":""},"length":"19:23 min","content_movie":"Im ausf\u00fchrlichen Datenteil der DVD 127\u00a0Seiten Unterrichts- und Begleitmaterial, davon:\r\n25 Seiten Arbeitsbl\u00e4tter und Erg\u00e4nzungen mit L\u00f6sungen!\r\n20 Testaufgaben\r\n7 Arbeitsbl\u00e4tter f\u00fcr interaktive Whiteboards!\r\n5 Master Tool Folien","learning_goals":"","preview_gif":11116,"trailer":{"file":"","url":"https:\/\/www.lehrmediathek.de\/trailer\/Trailer_Master_Rechtsruck.mp4","image":11125},"mediathek_id":473,"amount":"","demo_url":"","h5p_demo_id":"","content_interactive":"","hide_numbers":false,"flyer":"","info_columns":null},"_links":{"self":[{"href":"https:\/\/www.medienlb.com\/en\/wp-json\/wp\/v2\/product\/11119","targetHints":{"allow":["GET"]}}],"collection":[{"href":"https:\/\/www.medienlb.com\/en\/wp-json\/wp\/v2\/product"}],"about":[{"href":"https:\/\/www.medienlb.com\/en\/wp-json\/wp\/v2\/types\/product"}],"wp:featuredmedia":[{"embeddable":true,"href":"https:\/\/www.medienlb.com\/en\/wp-json\/wp\/v2\/media\/11117"}],"wp:attachment":[{"href":"https:\/\/www.medienlb.com\/en\/wp-json\/wp\/v2\/media?parent=11119"}],"wp:term":[{"taxonomy":"product_brand","embeddable":true,"href":"https:\/\/www.medienlb.com\/en\/wp-json\/wp\/v2\/product_brand?post=11119"},{"taxonomy":"product_cat","embeddable":true,"href":"https:\/\/www.medienlb.com\/en\/wp-json\/wp\/v2\/product_cat?post=11119"},{"taxonomy":"product_tag","embeddable":true,"href":"https:\/\/www.medienlb.com\/en\/wp-json\/wp\/v2\/product_tag?post=11119"}],"curies":[{"name":"wp","href":"https:\/\/api.w.org\/{rel}","templated":true}]}}