{"id":11076,"date":"2023-12-20T18:05:17","date_gmt":"2023-12-20T18:05:17","guid":{"rendered":"https:\/\/medienlb.com\/produkt\/parteien-heute\/"},"modified":"2025-02-07T14:18:44","modified_gmt":"2025-02-07T14:18:44","slug":"parteien-heute","status":"publish","type":"product","link":"https:\/\/www.medienlb.com\/en\/produkt\/parteien-heute\/","title":{"rendered":"Parteien heute"},"content":{"rendered":"<p>Der Film stellt die Parteien in Deutschland in ihrer Rolle und Funktion f\u00fcr das politische Leben vor. Er zeigt, welche Bedingungen erf\u00fcllt sein m\u00fcssen, damit aus einem Verein eine Partei werden kann und welche besondere Stellung Parteien im Grundgesetz und im Parteiengesetz zugestanden wird.<br \/>\nDie gr\u00f6\u00dften Parteien in Deutschland werden in ihrem Programm und ihrer Geschichte vorgestellt.<br \/>\nSpitzenpolitiker der gro\u00dfen Parteien kommen in Interviews zu Wort und \u00e4u\u00dfern sich zur Bildungspolitik, zur Problematik des Populismus und zur Situation der Parteienfinanzierung.<br \/>\nAbschlie\u00dfend stellen die Politiker die Jugendorganisationen ihrer Parteien vor.<br \/>\nIn Verbindung mit dem umfangreichen Unterrichtsmaterial (klassische und interaktive Arbeitsbl\u00e4tter, Unterrichtsentwurf, Testfragen) ist die vorliegende DVD hervorragend f\u00fcr den Einsatz im Unterricht geeignet.<\/p>\n<p>&nbsp;<\/p>\n","protected":false},"excerpt":{"rendered":"<p>Der Film stellt die Parteien in Deutschland in ihrer Rolle und Funktion f\u00fcr das politische Leben vor. Er zeigt, welche Bedingungen erf\u00fcllt sein m\u00fcssen, damit aus einem Verein eine Partei werden kann und welche besondere Stellung Parteien im Grundgesetz und im Parteiengesetz zugestanden wird.<\/p>\n","protected":false},"featured_media":11074,"template":"","meta":{"_acf_changed":false},"product_brand":[],"product_cat":[70],"product_tag":[93,125,127],"class_list":{"0":"post-11076","1":"product","2":"type-product","3":"status-publish","4":"has-post-thumbnail","6":"product_cat-film","7":"product_tag-subject-politik-sozialkunde","8":"product_tag-target-sek-i","9":"product_tag-target-sek-ii","10":"product_shipping_class-dvd-versand","12":"first","13":"instock","14":"taxable","15":"shipping-taxable","16":"purchasable","17":"product-type-variable"},"acf":{"subtitle":"Mittler zwischen B\u00fcrger und Staat","article_id":"4677097 \/ 5564389","languages":"DE, EN","thumb_up":false,"cover_image":28549,"linked_product":"","linked_products":null,"banner":{"show":true,"text":"","color":""},"length":"23:12 min","content_movie":"68 Seiten Arbeitsbl\u00e4tter mit L\u00f6sungen!\r\n20 Testaufgaben\r\n9 Arbeitsbl\u00e4tter f\u00fcr interaktive Whiteboards!\r\n5 Master Tool Folien","learning_goals":"","preview_gif":11073,"trailer":{"file":"","url":"https:\/\/www.lehrmediathek.de\/trailer\/Trailer_Parteien_neu.mov","image":11082},"mediathek_id":499,"amount":"","demo_url":"","h5p_demo_id":"","content_interactive":"","hide_numbers":false,"flyer":"","info_columns":null},"_links":{"self":[{"href":"https:\/\/www.medienlb.com\/en\/wp-json\/wp\/v2\/product\/11076","targetHints":{"allow":["GET"]}}],"collection":[{"href":"https:\/\/www.medienlb.com\/en\/wp-json\/wp\/v2\/product"}],"about":[{"href":"https:\/\/www.medienlb.com\/en\/wp-json\/wp\/v2\/types\/product"}],"wp:featuredmedia":[{"embeddable":true,"href":"https:\/\/www.medienlb.com\/en\/wp-json\/wp\/v2\/media\/11074"}],"wp:attachment":[{"href":"https:\/\/www.medienlb.com\/en\/wp-json\/wp\/v2\/media?parent=11076"}],"wp:term":[{"taxonomy":"product_brand","embeddable":true,"href":"https:\/\/www.medienlb.com\/en\/wp-json\/wp\/v2\/product_brand?post=11076"},{"taxonomy":"product_cat","embeddable":true,"href":"https:\/\/www.medienlb.com\/en\/wp-json\/wp\/v2\/product_cat?post=11076"},{"taxonomy":"product_tag","embeddable":true,"href":"https:\/\/www.medienlb.com\/en\/wp-json\/wp\/v2\/product_tag?post=11076"}],"curies":[{"name":"wp","href":"https:\/\/api.w.org\/{rel}","templated":true}]}}