{"id":10974,"date":"2023-12-20T18:05:17","date_gmt":"2023-12-20T18:05:17","guid":{"rendered":"https:\/\/medienlb.com\/produkt\/foederalismus\/"},"modified":"2025-02-07T14:19:21","modified_gmt":"2025-02-07T14:19:21","slug":"foederalismus","status":"publish","type":"product","link":"https:\/\/www.medienlb.com\/en\/produkt\/foederalismus\/","title":{"rendered":"F\u00f6deralismus"},"content":{"rendered":"<p>Die Vielfalt der Bundesrepublik Deutschland zwischen K\u00fcste und den Alpen zeigt sich auch in ihrer f\u00f6deralen Struktur und den 16 Bundesl\u00e4ndern.<br \/>\nDer Film stellt die f\u00f6derale Struktur der Bundesrepublik vor und zeigt die unterschiedlichen Aufgaben, die beim Bund und bei den L\u00e4ndern liegen.<br \/>\nDer Film legt Wert auf die F\u00f6rderung der Urteilsf\u00e4higkeit der Sch\u00fclerinnen und Sch\u00fcler und gibt der Frage nach den Vor- und Nachteilen des F\u00f6deralismus breiten Raum.<br \/>\nIn Verbindung mit dem umfangreichen Unterrichtsmaterial l\u00e4sst sich das Medium hervorragend im Unterricht verwenden.<\/p>\n","protected":false},"excerpt":{"rendered":"<p>Die Vielfalt der Bundesrepublik Deutschland zwischen K\u00fcste und den Alpen zeigt sich auch in ihrer f\u00f6deralen Struktur und den 16 Bundesl\u00e4ndern.<\/p>\n","protected":false},"featured_media":10972,"template":"","meta":{"_acf_changed":false},"product_brand":[],"product_cat":[70],"product_tag":[93,125],"class_list":{"0":"post-10974","1":"product","2":"type-product","3":"status-publish","4":"has-post-thumbnail","6":"product_cat-film","7":"product_tag-subject-politik-sozialkunde","8":"product_tag-target-sek-i","9":"product_shipping_class-dvd-versand","11":"first","12":"instock","13":"taxable","14":"shipping-taxable","15":"purchasable","16":"product-type-variable"},"acf":{"subtitle":"Kooperation und Autonomie","article_id":"46504543 \/ 55503711","languages":"DE","thumb_up":false,"cover_image":28563,"linked_product":"","linked_products":null,"banner":{"show":true,"text":"","color":""},"length":"17:08 min","content_movie":"","learning_goals":"1. Die Sch\u00fclerinnen und Sch\u00fcler kennen den f\u00f6deralen Charakter der Bundesrepublik Deutschland\r\n2. Die Sch\u00fclerinnen und Sch\u00fcler erkennen das Prinzip der vertikalen und horizontalen Gewaltenteilung\r\n3. Die Sch\u00fclerinnen und Sch\u00fcler diskutieren Vor- und Nachteile der f\u00f6deralen Ordnung der Bundesrepublik Deutschlan","preview_gif":10971,"trailer":{"file":"","url":"https:\/\/www.lehrmediathek.de\/trailer\/Trailer_F\u00f6deralismus.mp4","image":10980},"mediathek_id":729,"amount":"","demo_url":"","h5p_demo_id":"","content_interactive":"","hide_numbers":false,"flyer":"","info_columns":null},"_links":{"self":[{"href":"https:\/\/www.medienlb.com\/en\/wp-json\/wp\/v2\/product\/10974","targetHints":{"allow":["GET"]}}],"collection":[{"href":"https:\/\/www.medienlb.com\/en\/wp-json\/wp\/v2\/product"}],"about":[{"href":"https:\/\/www.medienlb.com\/en\/wp-json\/wp\/v2\/types\/product"}],"wp:featuredmedia":[{"embeddable":true,"href":"https:\/\/www.medienlb.com\/en\/wp-json\/wp\/v2\/media\/10972"}],"wp:attachment":[{"href":"https:\/\/www.medienlb.com\/en\/wp-json\/wp\/v2\/media?parent=10974"}],"wp:term":[{"taxonomy":"product_brand","embeddable":true,"href":"https:\/\/www.medienlb.com\/en\/wp-json\/wp\/v2\/product_brand?post=10974"},{"taxonomy":"product_cat","embeddable":true,"href":"https:\/\/www.medienlb.com\/en\/wp-json\/wp\/v2\/product_cat?post=10974"},{"taxonomy":"product_tag","embeddable":true,"href":"https:\/\/www.medienlb.com\/en\/wp-json\/wp\/v2\/product_tag?post=10974"}],"curies":[{"name":"wp","href":"https:\/\/api.w.org\/{rel}","templated":true}]}}