{"id":10009,"date":"2023-12-20T18:05:17","date_gmt":"2023-12-20T18:05:17","guid":{"rendered":"https:\/\/medienlb.com\/produkt\/bremen\/"},"modified":"2025-02-07T14:24:40","modified_gmt":"2025-02-07T14:24:40","slug":"bremen","status":"publish","type":"product","link":"https:\/\/www.medienlb.com\/en\/produkt\/bremen\/","title":{"rendered":"Bremen"},"content":{"rendered":"<p>Der Film stellt Bremen, das kleinste deutsche Bundesland, vor.<br \/>\nDie Geschichte der Hansestadt, die besondere Stellung als Zwei-St\u00e4dte-Staat, die Rolle als bedeutende Auswandererstation wird in einem eigenen Kapitel ausgef\u00fchrt.<br \/>\nDie geographische Lage Bremens an einer wichtigen Ost-West-Verbindung und als Binnenhafen sind der Inhalt eines zweiten Kapitels.<br \/>\nAbschlie\u00dfend zeigt der Film die wirtschaftlichen Bedingungen Bremens, die Rolle als Standort gro\u00dfer Unternehmen von Weltrang und als Forschungsstandort. Die Schwierigkeiten, die der Strukturwandel mit sich bringt, werden ebenfalls thematisiert.<br \/>\nIn Verbindung mit dem umfangreichen Zusatzmaterial (Unterrichtsentwurf, interaktive und klassische Arbeitsbl\u00e4tter, Testfragen, Glossar) ist die vorliegende DVD hervorragend f\u00fcr den Einsatz im Unterricht geeignet.<\/p>\n<p>&nbsp;<\/p>\n","protected":false},"excerpt":{"rendered":"<p>Der Film stellt Bremen, das kleinste deutsche Bundesland, vor.<\/p>\n","protected":false},"featured_media":10007,"template":"","meta":{"_acf_changed":false},"product_brand":[],"product_cat":[70],"product_tag":[91,125],"class_list":{"0":"post-10009","1":"product","2":"type-product","3":"status-publish","4":"has-post-thumbnail","6":"product_cat-film","7":"product_tag-subject-geografie","8":"product_tag-target-sek-i","9":"product_shipping_class-dvd-versand","11":"first","12":"instock","13":"taxable","14":"shipping-taxable","15":"purchasable","16":"product-type-variable"},"acf":{"subtitle":"Die Bundesl\u00e4nder","article_id":"4677318 \/ 5564526","languages":"DE, EN","thumb_up":false,"cover_image":28687,"linked_product":"","linked_products":null,"banner":{"show":true,"text":"","color":""},"length":"25:44 min","content_movie":"94 Seiten Unterrichts- und Begleitmaterial, davon:\r\n52 Seiten Arbeitsbl\u00e4tter und Erg\u00e4nzungen mit L\u00f6sungen!\r\n20 Testaufgaben\r\n7 Arbeitsbl\u00e4tter f\u00fcr interaktive Whiteboards!\r\n5 Master Tool Folien","learning_goals":"","preview_gif":10006,"trailer":{"file":"","url":"https:\/\/www.lehrmediathek.de\/trailer\/Trailer_Bremen.mp4","image":10015},"mediathek_id":504,"amount":"","demo_url":"","h5p_demo_id":"","content_interactive":"","hide_numbers":false,"flyer":"","info_columns":null},"_links":{"self":[{"href":"https:\/\/www.medienlb.com\/en\/wp-json\/wp\/v2\/product\/10009","targetHints":{"allow":["GET"]}}],"collection":[{"href":"https:\/\/www.medienlb.com\/en\/wp-json\/wp\/v2\/product"}],"about":[{"href":"https:\/\/www.medienlb.com\/en\/wp-json\/wp\/v2\/types\/product"}],"wp:featuredmedia":[{"embeddable":true,"href":"https:\/\/www.medienlb.com\/en\/wp-json\/wp\/v2\/media\/10007"}],"wp:attachment":[{"href":"https:\/\/www.medienlb.com\/en\/wp-json\/wp\/v2\/media?parent=10009"}],"wp:term":[{"taxonomy":"product_brand","embeddable":true,"href":"https:\/\/www.medienlb.com\/en\/wp-json\/wp\/v2\/product_brand?post=10009"},{"taxonomy":"product_cat","embeddable":true,"href":"https:\/\/www.medienlb.com\/en\/wp-json\/wp\/v2\/product_cat?post=10009"},{"taxonomy":"product_tag","embeddable":true,"href":"https:\/\/www.medienlb.com\/en\/wp-json\/wp\/v2\/product_tag?post=10009"}],"curies":[{"name":"wp","href":"https:\/\/api.w.org\/{rel}","templated":true}]}}