{"id":36373,"date":"2026-01-25T08:36:54","date_gmt":"2026-01-25T08:36:54","guid":{"rendered":"https:\/\/www.medienlb.com\/erklaerung-zur-barrierefreiheit\/"},"modified":"2026-01-25T08:36:54","modified_gmt":"2026-01-25T08:36:54","slug":"erklaerung-zur-barrierefreiheit","status":"publish","type":"page","link":"https:\/\/www.medienlb.com\/en\/erklaerung-zur-barrierefreiheit\/","title":{"rendered":"Erkl\u00e4rung zur Barrierefreiheit"},"content":{"rendered":"<ol class=\"ol1\">\n<li class=\"li1\"><b>Allgemeine Beschreibung<\/b><\/li>\n<\/ol>\n<p class=\"p2\">Willkommen auf unserer Website. Diese Barrierefreiheitserkl\u00e4rung gilt f\u00fcr unsere Websites medienlb.com, schultag.com und lehrmediathek.de. <\/p>\n<p class=\"p4\">Auf unseren Plattformen stellen wir digitale Bildungsmedien, Unterrichtsfilme und interaktive Lernmaterialien bereit und informieren \u00fcber unsere Angebote. Nutzerinnen und Nutzer k\u00f6nnen sich \u00fcber unsere Produkte informieren und diese auf den Websites direkt k\u00e4uflich erwerben. Dazu werden die Produkte ausgew\u00e4hlt und \u00fcber den jeweiligen Button in den Warenkorb hinzugef\u00fcgt. In den jeweiligen Produktbeschreibung ist erg\u00e4nzt, ob es sich um ein kostenpflichtiges oder kostenloses Angebot handelt und ob die angebotenen Lehrmaterialien barrierefreie PDFs sind.   <\/p>\n<ol class=\"ol1\">\n<li class=\"li1\"><b>Geltende Anforderungen<\/b><\/li>\n<\/ol>\n<p class=\"p2\">Die Anforderungen zur Barrierefreiheit ergeben sich aus dem Barrierefreiheitsst\u00e4rkungsgesetz (BFSG), insbesondere aus \u00a7 14 BFSG i.V.m. Anlage 3 Nr. 1 BFSG, sowie aus der zugrundeliegenden Verordnung (BFSGV), insbesondere \u00a7\u00a7 12, 19 BFSGV. Die konkreten technischen Ma\u00dfnahmen unserer Websites ergeben sich aus der Europ\u00e4ischen Normung EN 301 549 und den Richtlinien oder Web Content Accessibility Guidelines (WCAG) der Version <span class=\"s1\">2.1<\/span>, Konformit\u00e4tsstufen A und AA. <\/p>\n<p class=\"p4\">Dar\u00fcber hinaus bieten wir auch Inhalte an, die nicht den Pflichten des BFSG unterliegen. Diese Inhalte versuchen wir auch ohne eine gesetzliche Pflicht entsprechend barrierefrei auszugestalten. So kann es aber vorkommen, dass auf unseren Plattformen noch Barrieren bestehen.  <\/p>\n<ol class=\"ol1\">\n<li class=\"li1\"><b>Stand zur Barrierefreiheit <\/b><\/li>\n<\/ol>\n<p class=\"p2\">Unsere Plattformen sind in gro\u00dfen Teilen bereits barrierefrei im Sinne der EN 301 549. Zuletzt haben wir dies am <span class=\"s1\">16.01.2026<\/span> im Rahmen eines <span class=\"s1\">Selbsttests<\/span> gepr\u00fcft. <\/p>\n<p class=\"p4\">Die Inhalte der Websites sind grunds\u00e4tzlich so gestaltet, dass sie von unterst\u00fctzenden Technologien wahrgenommen werden k\u00f6nnen. Bedienbare Elemente und Navigation sind in vielen Bereichen nutzbar. Texte und Inhalte sind verst\u00e4ndlich dargestellt. Die technische Umsetzung folgt g\u00e4ngigen Webstandards. Es kann jedoch Bereiche geben, in denen die vollst\u00e4ndige Zug\u00e4nglichkeit noch nicht gegeben ist.    <\/p>\n<ol class=\"ol1\">\n<li class=\"li1\"><b>Informationen zum Anbieter<\/b><\/li>\n<\/ol>\n<p class=\"p2\">Wir sind wie folgt erreichbar:<\/p>\n<p class=\"p2\">MedienLB \u2013 Medien f\u00fcr Lehrpl\u00e4ne und Bildungsstandards GmbH<\/p>\n<p class=\"p2\">Leutstettener Stra\u00dfe 28<\/p>\n<p class=\"p2\">82319 Starnberg<\/p>\n<p class=\"p5\"><span class=\"s2\">E-Mail: <a href=\"mailto:info@medienlb.de\"><span class=\"s3\">info@medienlb.de<\/span><\/a> <\/span><\/p>\n<ol class=\"ol1\">\n<li class=\"li1\"><b>Zust\u00e4ndige Markt\u00fcberwachungsbeh\u00f6rde<\/b><\/li>\n<\/ol>\n<p class=\"p2\">Die Markt\u00fcberwachungsbeh\u00f6rde ist wie folgt erreichbar:<\/p>\n<p class=\"p2\">Markt\u00fcberwachungsstelle der L\u00e4nder f\u00fcr die Barrierefreiheit von Produkten und Dienstleistungen &#8211; Anstalt \u00f6ffentlichen Rechts (MLBF A\u00f6R)<\/p>\n<p class=\"p2\">Carl-Miller-Str. 6<\/p>\n<p class=\"p2\">39112 Magdeburg<\/p>\n<p class=\"p2\">Telefon: +49 391 567 6970<\/p>\n<p class=\"p6\"><span class=\"s2\">E-<\/span><span class=\"s4\">\u200b<\/span><span class=\"s2\">Mail: <a href=\"mailto:kontakt@mlbf-barrierefrei.de\"><span class=\"s3\">kontakt@mlbf-barrierefrei.de<\/span><\/a> <\/span> <\/p>\n","protected":false},"excerpt":{"rendered":"<p>Allgemeine Beschreibung Willkommen auf unserer Website. Diese Barrierefreiheitserkl\u00e4rung gilt f\u00fcr unsere Websites medienlb.com, schultag.com und lehrmediathek.de. Auf unseren Plattformen stellen wir digitale Bildungsmedien, Unterrichtsfilme und interaktive Lernmaterialien bereit und informieren \u00fcber unsere Angebote. Nutzerinnen und Nutzer k\u00f6nnen sich \u00fcber unsere Produkte informieren und diese auf den Websites direkt k\u00e4uflich erwerben. Dazu werden die Produkte ausgew\u00e4hlt [&hellip;]<\/p>\n","protected":false},"author":1,"featured_media":0,"parent":0,"menu_order":0,"comment_status":"closed","ping_status":"closed","template":"","meta":{"_acf_changed":false,"footnotes":""},"class_list":["post-36373","page","type-page","status-publish","hentry"],"acf":[],"_links":{"self":[{"href":"https:\/\/www.medienlb.com\/en\/wp-json\/wp\/v2\/pages\/36373","targetHints":{"allow":["GET"]}}],"collection":[{"href":"https:\/\/www.medienlb.com\/en\/wp-json\/wp\/v2\/pages"}],"about":[{"href":"https:\/\/www.medienlb.com\/en\/wp-json\/wp\/v2\/types\/page"}],"author":[{"embeddable":true,"href":"https:\/\/www.medienlb.com\/en\/wp-json\/wp\/v2\/users\/1"}],"replies":[{"embeddable":true,"href":"https:\/\/www.medienlb.com\/en\/wp-json\/wp\/v2\/comments?post=36373"}],"version-history":[{"count":0,"href":"https:\/\/www.medienlb.com\/en\/wp-json\/wp\/v2\/pages\/36373\/revisions"}],"wp:attachment":[{"href":"https:\/\/www.medienlb.com\/en\/wp-json\/wp\/v2\/media?parent=36373"}],"curies":[{"name":"wp","href":"https:\/\/api.w.org\/{rel}","templated":true}]}}