{"id":3,"date":"2023-04-24T16:50:42","date_gmt":"2023-04-24T16:50:42","guid":{"rendered":"https:\/\/medienlb.com\/?page_id=3"},"modified":"2024-01-04T09:32:42","modified_gmt":"2024-01-04T09:32:42","slug":"privacy-policy","status":"publish","type":"page","link":"https:\/\/www.medienlb.com\/en\/privacy-policy\/","title":{"rendered":"Privacy Policy"},"content":{"rendered":"<p><strong>Datenschutzerkl\u00e4rung<\/strong><br \/>Die MedienLB verarbeitet pers\u00f6nliche Daten, die beim Besuch unserer Webseiten erhoben werden, gem\u00e4\u00df den Gesetzen zum Datenschutz und zur Datensicherheit der Bundesrepublik Deutschland. Diese Datenschutzerkl\u00e4rung gibt Ihnen Auskunft dar\u00fcber, wie die MedienLB mit Informationen umgeht, die w\u00e4hrend Ihres Besuchs auf der Website der MedienLB erhoben werden.<br \/><br \/><strong>Erhebung und Verarbeitung pers\u00f6nlicher Daten<\/strong><br \/>Personenbezogene Daten sind alle Informationen zu Ihrer Identit\u00e4t wie beispielsweise Ihr Name, Ihre E-Mail-Adresse oder Ihre Postanschrift. Solche Daten werden nur dann gespeichert, wenn Sie diese der MedienLB zur Verf\u00fcgung stellen, z.B. wenn Sie einen E-Mail-Informationsdienst abonnieren.<br \/><br \/><strong>Nutzung und Verarbeitung pers\u00f6nlicher Daten<\/strong><br \/>MedienLB nutzt Ihre pers\u00f6nlichen Daten im Allgemeinen zur technischen Administration, um Ihre Anfrage zu beantworten oder Ihnen Zugang zu speziellen Informationen oder Angeboten zu verschaffen. Zu diesem Zweck kann es auch erforderlich sein, dass die MedienLB Ihre Daten an externe Dienstleister im Rahmen der Auftragsdatenverarbeitung weitergibt. Ihre personenbezogenen Daten wird MedienLB im \u00dcbrigen weder an Dritte weitergeben noch anderweitig vermarkten. Eine Offenlegung gegen\u00fcber staatlichen Beh\u00f6rden erfolgt nur, sofern dies gesetzlich vorgeschrieben ist.<br \/>\u00a0<\/p>\r\n<p><strong>Automatisch erfasste Informationen<\/strong><br \/>Wenn Sie auf die Website der MedienLB zugreifen, werden automatisch (also nicht \u00fcber eine Registrierung) allgemeine Informationen erfasst, die nicht personenbezogen verwendet werden k\u00f6nnen. Eine Speicherung der IP-Adresse erfolgt nicht. Diese Informationen k\u00f6nnen anonymisiert ausgewertet werden. Sie werden ausschlie\u00dflich zu Zwecken der internen statistischen Auswertung und in einer Form gespeichert, die eine Zur\u00fcckverfolgung auf den Kunden nicht zulassen.<br \/>Einige Services verarbeiten personenbezogene Daten in den USA.<br \/>Die Zustimmung zur Nutzung dieser Services enth\u00e4lt eine Einverst\u00e4ndniserkl\u00e4rung zur Verarbeitung dieser Daten in den USA gem\u00e4\u00df Art. 49[1] lit. a DSGVO.<\/p>\r\n<p><br \/><strong>Cookies<\/strong><br \/>Permanente Cookies werden auf den Websites der MedienLB nicht verwendet. Daf\u00fcr kommen so genannte Session-Cookies zum Einsatz, um den Nutzern mehr Komfort zu bieten. Bei jedem Aufruf einer Shop-Seite wird gepr\u00fcft, ob der Besucher bereits eine g\u00fcltige Session besitzt. Ist dies der Fall, wird diese Session weiter verwendet. Ansonsten wird eine neue Session generiert und versucht, die Session-ID in einem Cookie auf dem Rechner des Kunden abzulegen. Gleichzeitig wird gepr\u00fcft, ob auf dem Rechner des Kunden bereits ein altes Cookie des Shops vorhanden ist. Jede generierte Session wird als neuer Besucher gewertet. Das Cookie ist nur so lange g\u00fcltig, bis der Browser wieder geschlossen wird.Sofern die pers\u00f6nlichen Computereinstellungen des Kunden Cookies nicht akzeptieren, kann dies zu Einschr\u00e4nkungen in der Darstellung oder Nutzung der Website f\u00fchren.<\/p>\r\n<p><br \/><strong>Sicherheit<\/strong><br \/>Die MedienLB trifft Vorkehrungen, um Ihre personenbezogenen Daten vor Verlust, Zerst\u00f6rung, Verf\u00e4lschung, Manipulation und unberechtigtem Zugriff zu sch\u00fctzen. Die gesetzlichen Datenschutzbestimmungen der Bundesrepublik Deutschland werden dabei selbstverst\u00e4ndlich beachtet.<br \/><br \/><strong>Links zu anderen Websites<\/strong><br \/>Diese Erkl\u00e4rung zum Datenschutz gilt f\u00fcr den Auftritt der MedienLB unter http:\/\/www.medienlb.de\/. Die Webseite kann Links auf andere Anbieter au\u00dferhalb der MedienLB enthalten, auf die sich die Datenschutzerkl\u00e4rung nicht erstreckt. Wenn Sie die Website der MedienLB verlassen, wird empfohlen, die Datenschutzrichtlinie jeder Website, die personenbezogene Daten erfasst, sorgf\u00e4ltig zu lesen.<br \/><br \/>Informationsfreiheit<br \/>Welche Daten \u00fcber Ihre Person (z.B. Name, Internetadresse) gespeichert wurden, teilt Ihnen die MedienLB gerne auf schriftliche Anfrage mit.<\/p>\r\n<h1>Datenschutzerkl\u00e4rung<\/h1>\r\n<p>Verantwortliche Stelle im Sinne der Datenschutzgesetze, insbesondere der EU-Datenschutzgrundverordnung (DSGVO), ist:<\/p>\r\n<p>MedienLB &#8211;<br \/>Medien f\u00fcr Lehrpl\u00e4ne und Bildungsstandards GmbH<br \/>Leutstettener Stra\u00dfe 28<br \/>82319 Starnberg<br \/><br \/>Tel.: 08151 \/ 55071 &#8211; 20<br \/>Fax: 08151 \/ 55071 &#8211; 99<br \/>E-Mail: info@medienlb.de<\/p>\r\n<h2>Ihre Betroffenenrechte<\/h2>\r\n<p>Unter den angegebenen Kontaktdaten unseres Datenschutzbeauftragten k\u00f6nnen Sie jederzeit folgende Rechte aus\u00fcben:<\/p>\r\n<ul>\r\n<li>Auskunft \u00fcber Ihre bei uns gespeicherten Daten und deren Verarbeitung,<\/li>\r\n<li>Berichtigung unrichtiger personenbezogener Daten,<\/li>\r\n<li>L\u00f6schung Ihrer bei uns gespeicherten Daten,<\/li>\r\n<li>Einschr\u00e4nkung der Datenverarbeitung, sofern wir Ihre Daten aufgrund gesetzlicher Pflichten noch nicht l\u00f6schen d\u00fcrfen,<\/li>\r\n<li>Widerspruch gegen die Verarbeitung Ihrer Daten bei uns und<\/li>\r\n<li>Daten\u00fcbertragbarkeit, sofern Sie in die Datenverarbeitung eingewilligt haben oder einen Vertrag mit uns abgeschlossen haben.<\/li>\r\n<\/ul>\r\n<p>Sofern Sie uns eine Einwilligung erteilt haben, k\u00f6nnen Sie diese jederzeit mit Wirkung f\u00fcr die Zukunft widerrufen.<\/p>\r\n<p>Sie k\u00f6nnen sich jederzeit mit einer Beschwerde an die f\u00fcr Sie zust\u00e4ndige Aufsichtsbeh\u00f6rde wenden. Ihre zust\u00e4ndige Aufsichtsbeh\u00f6rde richtet sich nach dem Bundesland Ihres Wohnsitzes, Ihrer Arbeit oder der mutma\u00dflichen Verletzung. Eine Liste der Aufsichtsbeh\u00f6rden (f\u00fcr den nicht\u00f6ffentlichen Bereich) mit Anschrift finden Sie unter: <a href=\"https:\/\/www.bfdi.bund.de\/DE\/Infothek\/Anschriften_Links\/anschriften_links-node.html\">https:\/\/www.bfdi.bund.de\/DE\/Infothek\/Anschriften_Links\/anschriften_links-node.html<\/a>.<\/p>\r\n<h2>Zwecke der Datenverarbeitung durch die verantwortliche Stelle und Dritte<\/h2>\r\n<p>Wir verarbeiten Ihre personenbezogenen Daten nur zu den in dieser Datenschutzerkl\u00e4rung genannten Zwecken. Eine \u00dcbermittlung Ihrer pers\u00f6nlichen Daten an Dritte zu anderen als den genannten Zwecken findet nicht statt. Wir geben Ihre pers\u00f6nlichen Daten nur an Dritte weiter, wenn:<\/p>\r\n<ul>\r\n<li>Sie Ihre ausdr\u00fcckliche Einwilligung dazu erteilt haben,<\/li>\r\n<li>die Verarbeitung zur Abwicklung eines Vertrags mit Ihnen erforderlich ist,<\/li>\r\n<li>die Verarbeitung zur Erf\u00fcllung einer rechtlichen Verpflichtung erforderlich ist,<\/li>\r\n<\/ul>\r\n<p>die Verarbeitung zur Wahrung berechtigter Interessen erforderlich ist und kein Grund zur Annahme besteht, dass Sie ein \u00fcberwiegendes schutzw\u00fcrdiges Interesse an der Nichtweitergabe Ihrer Daten haben.<\/p>\r\n<h2>Cookies<\/h2>\r\n<p>Wie viele andere Webseiten verwenden wir auch so genannte \u201eCookies\u201c. Cookies sind kleine Textdateien, die von einem Websiteserver auf Ihre Festplatte \u00fcbertragen werden. Hierdurch erhalten wir automatisch bestimmte Daten wie z. B. IP-Adresse, verwendeter Browser, Betriebssystem und Ihre Verbindung zum Internet.<\/p>\r\n<p>Cookies k\u00f6nnen nicht verwendet werden, um Programme zu starten oder Viren auf einen Computer zu \u00fcbertragen. Anhand der in Cookies enthaltenen Informationen k\u00f6nnen wir Ihnen die Navigation erleichtern und die korrekte Anzeige unserer Webseiten erm\u00f6glichen.<\/p>\r\n<p>In keinem Fall werden die von uns erfassten Daten an Dritte weitergegeben oder ohne Ihre Einwilligung eine Verkn\u00fcpfung mit personenbezogenen Daten hergestellt.<\/p>\r\n<p>Nat\u00fcrlich k\u00f6nnen Sie unsere Website grunds\u00e4tzlich auch ohne Cookies betrachten. Internet-Browser sind regelm\u00e4\u00dfig so eingestellt, dass sie Cookies akzeptieren. Im Allgemeinen k\u00f6nnen Sie die Verwendung von Cookies jederzeit \u00fcber die Einstellungen Ihres Browsers deaktivieren. Bitte verwenden Sie die Hilfefunktionen Ihres Internetbrowsers, um zu erfahren, wie Sie diese Einstellungen \u00e4ndern k\u00f6nnen. Bitte beachten Sie, dass einzelne Funktionen unserer Website m\u00f6glicherweise nicht funktionieren, wenn Sie die Verwendung von Cookies deaktiviert haben.<\/p>\r\n<p>Zur Verwaltung der eingesetzten Cookies und \u00e4hnlichen Technologien (Tracking-Pixel, Web-Beacons etc.) und diesbez\u00fcglicher Einwilligungen setzen wir das Consent Tool &#8220;Real Cookie Banner&#8221; ein. Details zur Funktionsweise von &#8220;Real Cookie Banner&#8221; findest du unter &lt;a href=&#8221;https:\/\/devowl.io\/de\/rcb\/datenverarbeitung\/&#8221; rel=&#8221;noreferrer&#8221; target=&#8221;_blank&#8221;&gt;https:\/\/devowl.io\/de\/rcb\/datenverarbeitung\/&lt;\/a&gt;.<\/p>\r\n<p>Rechtsgrundlagen f\u00fcr die Verarbeitung von personenbezogenen Daten in diesem Zusammenhang sind Art. 6 Abs. 1 lit. c DS-GVO und Art. 6 Abs. 1 lit. f DS-GVO. Unser berechtigtes Interesse ist die Verwaltung der eingesetzten Cookies und \u00e4hnlichen Technologien und der diesbez\u00fcglichen Einwilligungen.<\/p>\r\n<p>Die Bereitstellung der personenbezogenen Daten ist weder vertraglich vorgeschrieben noch f\u00fcr den Abschluss eines Vertrages notwendig. Du bist nicht verpflichtet die personenbezogenen Daten bereitzustellen. Wenn du die personenbezogenen Daten nicht bereitstellst, k\u00f6nnen wir deine Einwilligungen nicht verwalten.<\/p>\r\n<h2>Registrierung auf unserer Webseite<\/h2>\r\n<p>Bei der Registrierung f\u00fcr die Nutzung unserer personalisierten Leistungen werden einige personenbezogene Daten erhoben, wie Name, Anschrift, Kontakt- und Kommunikationsdaten wie Telefonnummer und E-Mail-Adresse. Sind Sie bei uns registriert, k\u00f6nnen Sie auf Inhalte und Leistungen zugreifen, die wir nur registrierten Nutzern anbieten. Angemeldete Nutzer haben zudem die M\u00f6glichkeit, bei Bedarf die bei Registrierung angegebenen Daten jederzeit zu \u00e4ndern oder zu l\u00f6schen. Selbstverst\u00e4ndlich erteilen wir Ihnen dar\u00fcber hinaus jederzeit Auskunft \u00fcber die von uns \u00fcber Sie gespeicherten personenbezogenen Daten. Gerne berichtigen bzw. l\u00f6schen wir diese auch auf Ihren Wunsch, soweit keine gesetzlichen Aufbewahrungspflichten entgegenstehen. Zur Kontaktaufnahme in diesem Zusammenhang nutzen Sie bitte die am Ende dieser Datenschutzerkl\u00e4rung angegebenen Kontaktdaten.<\/p>\r\n<h2>Erbringung kostenpflichtiger Leistungen<\/h2>\r\n<p>Zur Erbringung kostenpflichtiger Leistungen werden von uns zus\u00e4tzliche Daten erfragt, wie z.B. Zahlungsangaben, um Ihre Bestellung ausf\u00fchren zu k\u00f6nnen. Wir speichern diese Daten in unseren Systemen bis die gesetzlichen Aufbewahrungsfristen abgelaufen sind.<\/p>\r\n<h2>SSL-Verschl\u00fcsselung<\/h2>\r\n<p>Um die Sicherheit Ihrer Daten bei der \u00dcbertragung zu sch\u00fctzen, verwenden wir dem aktuellen Stand der Technik entsprechende Verschl\u00fcsselungsverfahren (z. B. SSL) \u00fcber HTTPS.<\/p>\r\n<h2>Newsletter<\/h2>\r\n<p>Auf Grundlage Ihrer ausdr\u00fccklich erteilten Einwilligung, \u00fcbersenden wir Ihnen regelm\u00e4\u00dfig unseren Newsletter bzw. vergleichbare Informationen per E-Mail an Ihre angegebene E-Mail-Adresse.<\/p>\r\n<p>F\u00fcr den Empfang des Newsletters ist die Angabe Ihrer E-Mail-Adresse ausreichend. Bei der Anmeldung zum Bezug unseres Newsletters werden die von Ihnen angegebenen Daten ausschlie\u00dflich f\u00fcr diesen Zweck verwendet. Abonnenten k\u00f6nnen auch \u00fcber Umst\u00e4nde per E-Mail informiert werden, die f\u00fcr den Dienst oder die Registrierung relevant sind (Beispielsweise \u00c4nderungen des Newsletterangebots oder technische Gegebenheiten).<\/p>\r\n<p>F\u00fcr eine wirksame Registrierung ben\u00f6tigen wir eine valide E-Mail-Adresse. Um zu \u00fcberpr\u00fcfen, dass eine Anmeldung tats\u00e4chlich durch den Inhaber einer E-Mail-Adresse erfolgt, setzen wir das \u201eDouble-opt-in\u201c-Verfahren ein. Hierzu protokollieren wir die Bestellung des Newsletters, den Versand einer Best\u00e4tigungsmail und den Eingang der hiermit angeforderten Antwort. Weitere Daten werden nicht erhoben. Die Daten werden ausschlie\u00dflich f\u00fcr den Newsletterversand verwendet und nicht an Dritte weitergegeben.<\/p>\r\n<p>Die Einwilligung zur Speicherung Ihrer pers\u00f6nlichen Daten und ihrer Nutzung f\u00fcr den Newsletterversand k\u00f6nnen Sie jederzeit widerrufen. In jedem Newsletter findet sich dazu ein entsprechender Link. Au\u00dferdem k\u00f6nnen Sie sich jederzeit auch direkt auf dieser Webseite abmelden oder uns Ihren entsprechenden Wunsch \u00fcber die am Ende dieser Datenschutzhinweise angegebene Kontaktm\u00f6glichkeit mitteilen.<\/p>\r\n<h2>Kontaktformular<\/h2>\r\n<p>Treten Sie bzgl. Fragen jeglicher Art per E-Mail oder Kontaktformular mit uns in Kontakt, erteilen Sie uns zum Zwecke der Kontaktaufnahme Ihre freiwillige Einwilligung. Hierf\u00fcr ist die Angabe einer validen E-Mail-Adresse erforderlich. Diese dient der Zuordnung der Anfrage und der anschlie\u00dfenden Beantwortung derselben. Die Angabe weiterer Daten ist optional. Die von Ihnen gemachten Angaben werden zum Zwecke der Bearbeitung der Anfrage sowie f\u00fcr m\u00f6gliche Anschlussfragen gespeichert. Nach Erledigung der von Ihnen gestellten Anfrage werden personenbezogene Daten automatisch gel\u00f6scht.<\/p>\r\n<h2>Verwendung von Matomo<\/h2>\r\n<p>Diese Website benutzt Matomo (ehemals Piwik), eine Open-Source-Software zur statistischen Auswertung von Besucherzugriffen. Matomo verwendet sog. Cookies, also Textdateien, die auf Ihrem Computer gespeichert werden und die eine Analyse der Benutzung der Website durch Sie erm\u00f6glichen.<\/p>\r\n<p>Die durch das Cookie erzeugten Informationen \u00fcber Ihre Nutzung des Internetangebotes werden auf einem Server in Deutschland gespeichert.<\/p>\r\n<p>Die IP-Adresse wird unmittelbar nach der Verarbeitung und vor deren Speicherung anonymisiert. Sie haben die M\u00f6glichkeit, die Installation der Cookies durch \u00c4nderung der Einstellung Ihrer Browser-Software zu verhindern. Wir weisen Sie darauf hin, dass bei entsprechender Einstellung eventuell nicht mehr alle Funktionen dieser Website zur Verf\u00fcgung stehen.<\/p>\r\n<p>Sie k\u00f6nnen sich entscheiden, ob in Ihrem Browser ein eindeutiger Webanalyse-Cookie abgelegt werden darf, um dem Betreiber der Webseite die Erfassung und Analyse verschiedener statistischer Daten zu erm\u00f6glichen.<\/p>\r\n<h2>Verwendung von Google Maps<\/h2>\r\n<p>Diese Webseite verwendet Google Maps API, um geographische Informationen visuell darzustellen. Bei der Nutzung von Google Maps werden von Google auch Daten \u00fcber die Nutzung der Kartenfunktionen durch Besucher erhoben, verarbeitet und genutzt. N\u00e4here Informationen \u00fcber die Datenverarbeitung durch Google k\u00f6nnen Sie <a href=\"http:\/\/www.google.com\/privacypolicy.html\">den Google-Datenschutzhinweisen<\/a> entnehmen. Dort k\u00f6nnen Sie im Datenschutzcenter auch Ihre pers\u00f6nlichen Datenschutz-Einstellungen ver\u00e4ndern.<\/p>\r\n<p>Ausf\u00fchrliche Anleitungen zur Verwaltung der eigenen Daten im Zusammenhang mit Google-Produkten<a href=\"http:\/\/www.dataliberation.org\/\"> finden Sie hier<\/a>.<\/p>\r\n<h2>Eingebettete YouTube-Videos<\/h2>\r\n<p>Auf einigen unserer Webseiten betten wir Youtube-Videos ein. Betreiber der entsprechenden Plugins ist die YouTube, LLC, 901 Cherry Ave., San Bruno, CA 94066, USA. Wenn Sie eine Seite mit dem YouTube-Plugin besuchen, wird eine Verbindung zu Servern von Youtube hergestellt. Dabei wird Youtube mitgeteilt, welche Seiten Sie besuchen. Wenn Sie in Ihrem Youtube-Account eingeloggt sind, kann Youtube Ihr Surfverhalten Ihnen pers\u00f6nlich zuzuordnen. Dies verhindern Sie, indem Sie sich vorher aus Ihrem Youtube-Account ausloggen.<\/p>\r\n<p>Wird ein Youtube-Video gestartet, setzt der Anbieter Cookies ein, die Hinweise \u00fcber das Nutzerverhalten sammeln.<\/p>\r\n<p>Wer das Speichern von Cookies f\u00fcr das Google-Ad-Programm deaktiviert hat, wird auch beim Anschauen von Youtube-Videos mit keinen solchen Cookies rechnen m\u00fcssen. Youtube legt aber auch in anderen Cookies nicht-personenbezogene Nutzungsinformationen ab. M\u00f6chten Sie dies verhindern, so m\u00fcssen Sie das Speichern von Cookies im Browser blockieren.<\/p>\r\n<p>Weitere Informationen zum Datenschutz bei \u201eYoutube\u201c finden Sie in der Datenschutzerkl\u00e4rung des Anbieters unter: <a href=\"https:\/\/www.google.de\/intl\/de\/policies\/privacy\/\">https:\/\/www.google.de\/intl\/de\/policies\/privacy\/ <\/a><\/p>\r\n<h2>Social Plugins<\/h2>\r\n<p>Auf unseren Webseiten werden Social Plugins der unten aufgef\u00fchrten Anbieter eingesetzt. Die Plugins k\u00f6nnen Sie daran erkennen, dass sie mit dem entsprechenden Logo gekennzeichnet sind.<\/p>\r\n<p>\u00dcber diese Plugins werden unter Umst\u00e4nden Informationen, zu denen auch personenbezogene Daten geh\u00f6ren k\u00f6nnen, an den Dienstebetreiber gesendet und ggf. von diesem genutzt. Wir verhindern die unbewusste und ungewollte Erfassung und \u00dcbertragung von Daten an den Diensteanbieter durch eine 2-Klick-L\u00f6sung. Um ein gew\u00fcnschtes Social Plugin zu aktivieren, muss dieses erst durch Klick auf den entsprechenden Schalter aktiviert werden. Erst durch diese Aktivierung des Plugins wird auch die Erfassung von Informationen und deren \u00dcbertragung an den Diensteanbieter ausgel\u00f6st. Wir erfassen selbst keine personenbezogenen Daten mittels der Social Plugins oder \u00fcber deren Nutzung.<\/p>\r\n<p>Wir haben keinen Einfluss darauf, welche Daten ein aktiviertes Plugin erfasst und wie diese durch den Anbieter verwendet werden. Derzeit muss davon ausgegangen werden, dass eine direkte Verbindung zu den Diensten des Anbieters ausgebaut wird sowie mindestens die IP-Adresse und ger\u00e4tebezogene Informationen erfasst und genutzt werden. Ebenfalls besteht die M\u00f6glichkeit, dass die Diensteanbieter versuchen, Cookies auf dem verwendeten Rechner zu speichern. Welche konkreten Daten hierbei erfasst und wie diese genutzt werden, entnehmen Sie bitte den Datenschutzhinweisen des jeweiligen Diensteanbieters. Hinweis: Falls Sie zeitgleich bei Facebook angemeldet sind, kann Facebook Sie als Besucher einer bestimmten Seite identifizieren.<\/p>\r\n<p>Wir haben auf unserer Website die Social-Media-Buttons folgender Unternehmen eingebunden:<\/p>\r\n<h2><strong>\u00c4nderung unserer Datenschutzbestimmungen<\/strong><\/h2>\r\n<p>Wir behalten uns vor, diese Datenschutzerkl\u00e4rung anzupassen, damit sie stets den aktuellen rechtlichen Anforderungen entspricht oder um \u00c4nderungen unserer Leistungen in der Datenschutzerkl\u00e4rung umzusetzen, z.B. bei der Einf\u00fchrung neuer Services. F\u00fcr Ihren erneuten Besuch gilt dann die neue Datenschutzerkl\u00e4rung.<\/p>\r\n<h2><strong>Fragen an den Datenschutzbeauftragten<\/strong><\/h2>\r\n<p>Wenn Sie Fragen zum Datenschutz haben, schreiben Sie uns bitte eine E-Mail oder wenden Sie sich direkt an die f\u00fcr den Datenschutz verantwortliche Person in unserer Organisation:<\/p>\r\n<p>MedienLB &#8211;<br \/>Medien f\u00fcr Lehrpl\u00e4ne und Bildungsstandards GmbH<br \/>Leutstettener Stra\u00dfe 28<br \/>82319 Starnberg<br \/><br \/>Tel.: 08151 \/ 55071 &#8211; 20<br \/>Fax: 08151 \/ 55071 &#8211; 99<br \/>E-Mail:<a href=\"mailto:info@medienlb.de\"> info@medienlb.de<\/a><\/p>\r\n<p><em>Die Datenschutzerkl\u00e4rung wurde mit dem <\/em><a href=\"https:\/\/www.activemind.de\/datenschutz\/datenschutzhinweis-generator\/\"><em>Datenschutzerkl\u00e4rungs-Generator der activeMind AG erstellt<\/em><\/a><\/p>\r\n","protected":false},"excerpt":{"rendered":"<p>Datenschutzerkl\u00e4rungDie MedienLB verarbeitet pers\u00f6nliche Daten, die beim Besuch unserer Webseiten erhoben werden, gem\u00e4\u00df den Gesetzen zum Datenschutz und zur Datensicherheit der Bundesrepublik Deutschland. Diese Datenschutzerkl\u00e4rung gibt Ihnen Auskunft dar\u00fcber, wie die MedienLB mit Informationen umgeht, die w\u00e4hrend Ihres Besuchs auf der Website der MedienLB erhoben werden. Erhebung und Verarbeitung pers\u00f6nlicher DatenPersonenbezogene Daten sind alle Informationen [&hellip;]<\/p>\n","protected":false},"author":1,"featured_media":0,"parent":0,"menu_order":0,"comment_status":"closed","ping_status":"closed","template":"","meta":{"_acf_changed":false,"footnotes":""},"class_list":["post-3","page","type-page","status-publish","hentry"],"acf":[],"_links":{"self":[{"href":"https:\/\/www.medienlb.com\/en\/wp-json\/wp\/v2\/pages\/3","targetHints":{"allow":["GET"]}}],"collection":[{"href":"https:\/\/www.medienlb.com\/en\/wp-json\/wp\/v2\/pages"}],"about":[{"href":"https:\/\/www.medienlb.com\/en\/wp-json\/wp\/v2\/types\/page"}],"author":[{"embeddable":true,"href":"https:\/\/www.medienlb.com\/en\/wp-json\/wp\/v2\/users\/1"}],"replies":[{"embeddable":true,"href":"https:\/\/www.medienlb.com\/en\/wp-json\/wp\/v2\/comments?post=3"}],"version-history":[{"count":4,"href":"https:\/\/www.medienlb.com\/en\/wp-json\/wp\/v2\/pages\/3\/revisions"}],"predecessor-version":[{"id":20864,"href":"https:\/\/www.medienlb.com\/en\/wp-json\/wp\/v2\/pages\/3\/revisions\/20864"}],"wp:attachment":[{"href":"https:\/\/www.medienlb.com\/en\/wp-json\/wp\/v2\/media?parent=3"}],"curies":[{"name":"wp","href":"https:\/\/api.w.org\/{rel}","templated":true}]}}