{"id":27294,"date":"2025-01-16T14:31:16","date_gmt":"2025-01-16T14:31:16","guid":{"rendered":"https:\/\/www.medienlb.com\/?page_id=27294"},"modified":"2025-05-23T08:04:22","modified_gmt":"2025-05-23T08:04:22","slug":"startchancen","status":"publish","type":"page","link":"https:\/\/www.medienlb.com\/en\/startchancen\/","title":{"rendered":"Startchancen"},"content":{"rendered":"<p><a href=\"https:\/\/startchancen-schule.com\/\"><img loading=\"lazy\" decoding=\"async\" class=\"alignnone wp-image-27295 aligncenter\" src=\"https:\/\/www.medienlb.com\/wp-content\/uploads\/2025\/01\/Screenshot-2025-01-16-at-15.27.22-300x189.png\" alt=\"\" width=\"1000\" height=\"630\" srcset=\"https:\/\/www.medienlb.com\/wp-content\/uploads\/2025\/01\/Screenshot-2025-01-16-at-15.27.22-300x189.png 300w, https:\/\/www.medienlb.com\/wp-content\/uploads\/2025\/01\/Screenshot-2025-01-16-at-15.27.22-768x485.png 768w, https:\/\/www.medienlb.com\/wp-content\/uploads\/2025\/01\/Screenshot-2025-01-16-at-15.27.22.png 1563w\" sizes=\"auto, (max-width: 1000px) 100vw, 1000px\" \/><\/a><\/p>\n<h1 class=\"p2\" style=\"text-align: center;\"><b>Startchancen nutzen: Ihre Schule, unser Angebot!<\/b><\/h1>\n<div style=\"display: flex; justify-content: space-between; max-width: 1000px; margin: 0 auto;\">\n<div>\n<h2>Programms\u00e4ule I<br \/>\nLernumgebung:<\/h2>\n<h3><a href=\"https:\/\/cdn.medienlb.com\/wp-content\/uploads\/2024\/08\/Makerspace_2024_final_WEB_1-3.pdf\">Projektorientierung:<\/a><\/h3>\n<p>Mit interaktiven digitalen und analogen Tools<\/p>\n<h3><a href=\"https:\/\/cdn.medienlb.com\/wp-content\/uploads\/2024\/07\/2024_07_10-Moegliche-Ausstattungen-von-Mediaspace-und-Makerspace.pdf\">Beratung:<\/a><\/h3>\n<p>Maker-\/Media-Space<br \/>\nAusstattung: Hard- und Software<\/p>\n<h3><a href=\"https:\/\/cdn.medienlb.com\/wp-content\/uploads\/2024\/07\/2024_07_02-Filme-relvant-fuer-Mediaspace-und-Makerspace.pdf\">Schulungsfilme:<\/a><\/h3>\n<p>Kompetenzf\u00f6rderung von Lehrenden und Lernenden<\/p>\n<\/div>\n<div style=\"text-align: right;\">\n<h2>Programms\u00e4ule II<br \/>\nSchul- und Unterrichtsentwicklung:<\/h2>\n<h3>Mediatheken:<\/h3>\n<p><a href=\"https:\/\/www.medienlb.com\/schulfilme\/\">Zielgruppengerechte Unterrichtsfilme<\/a> &amp; <a href=\"https:\/\/www.medienlb.com\/interaktive-module\/\">Interaktive Arbeitsbl\u00e4tter<\/a><\/p>\n<h3>Schulungsfilme:<\/h3>\n<p>Kompetenzf\u00f6rderung von Lehrern und Lernenden<\/p>\n<h3><a href=\"https:\/\/youtu.be\/RgeZIZd6C7g\">Imagefilm:<\/a><\/h3>\n<p>Pr\u00e4sentieren Sie Ihre Schule als Vorbild<\/p>\n<\/div>\n<\/div>\n<div style=\"text-align: center;\">\n<h2>Machen Sie den n\u00e4chsten Schritt, kontaktieren Sie uns!<\/h2>\n<\/div>\n","protected":false},"excerpt":{"rendered":"<p>Startchancen nutzen: Ihre Schule, unser Angebot! Programms\u00e4ule I Lernumgebung: Projektorientierung: Mit interaktiven digitalen und analogen Tools Beratung: Maker-\/Media-Space Ausstattung: Hard- und Software Schulungsfilme: Kompetenzf\u00f6rderung von Lehrenden und Lernenden Programms\u00e4ule II Schul- und Unterrichtsentwicklung: Mediatheken: Zielgruppengerechte Unterrichtsfilme &amp; Interaktive Arbeitsbl\u00e4tter Schulungsfilme: Kompetenzf\u00f6rderung von Lehrern und Lernenden Imagefilm: Pr\u00e4sentieren Sie Ihre Schule als Vorbild Machen Sie den [&hellip;]<\/p>\n","protected":false},"author":1,"featured_media":0,"parent":0,"menu_order":0,"comment_status":"closed","ping_status":"closed","template":"","meta":{"_acf_changed":false,"footnotes":""},"class_list":["post-27294","page","type-page","status-publish","hentry"],"acf":[],"_links":{"self":[{"href":"https:\/\/www.medienlb.com\/en\/wp-json\/wp\/v2\/pages\/27294","targetHints":{"allow":["GET"]}}],"collection":[{"href":"https:\/\/www.medienlb.com\/en\/wp-json\/wp\/v2\/pages"}],"about":[{"href":"https:\/\/www.medienlb.com\/en\/wp-json\/wp\/v2\/types\/page"}],"author":[{"embeddable":true,"href":"https:\/\/www.medienlb.com\/en\/wp-json\/wp\/v2\/users\/1"}],"replies":[{"embeddable":true,"href":"https:\/\/www.medienlb.com\/en\/wp-json\/wp\/v2\/comments?post=27294"}],"version-history":[{"count":11,"href":"https:\/\/www.medienlb.com\/en\/wp-json\/wp\/v2\/pages\/27294\/revisions"}],"predecessor-version":[{"id":33410,"href":"https:\/\/www.medienlb.com\/en\/wp-json\/wp\/v2\/pages\/27294\/revisions\/33410"}],"wp:attachment":[{"href":"https:\/\/www.medienlb.com\/en\/wp-json\/wp\/v2\/media?parent=27294"}],"curies":[{"name":"wp","href":"https:\/\/api.w.org\/{rel}","templated":true}]}}