{"id":26367,"date":"2023-12-13T14:49:18","date_gmt":"2023-12-13T14:49:18","guid":{"rendered":"https:\/\/www.medienlb.com\/widerrufsbelehrung\/"},"modified":"2023-12-13T14:49:18","modified_gmt":"2023-12-13T14:49:18","slug":"widerrufsbelehrung","status":"publish","type":"page","link":"https:\/\/www.medienlb.com\/en\/widerrufsbelehrung\/","title":{"rendered":"Widerrufsbelehrung"},"content":{"rendered":"<p>1. Bei einem Vertrag, der unter ausschlie\u00dflicher Verwendung von Fernkommunikationsmitteln abgeschlossen wird, hat der Verbraucher das Recht, seine auf den Abschluss des Vertrags gerichtete Willenserkl\u00e4rung innerhalb einer Frist von zwei Wochen zu widerrufen, wobei die Widerrufsfrist bei der Lieferung von Waren an dem Tag ihresEingangs beim Empf\u00e4nger, bei der wiederkehrenden Lieferung gleichartiger Waren an dem Tag des Eingangs der ersten Teillieferung und bei Dienstleistungen an dem Tag des Vertragsschlusses beginnt. Der Widerruf muss keine Begr\u00fcndung enthalten und ist schriftlich (z.B. Brief, Fax, E-Mail) oder durch R\u00fccksendung der Ware der MedienLB gegen\u00fcber zu erkl\u00e4ren; zur Fristwahrung gen\u00fcgt die rechtzeitige Absendung. Die Frist beginnt fr\u00fchestens mit Erhalt dieser Belehrung. Nach Ingebrauchnahme von gelieferten Audio- oder Videoaufzeichnungen oder von Software erlischt das Widerrufsrecht. Der Widerruf ist zu richten an <strong>MedienLB Medien f\u00fcr Lehrpl\u00e4ne und Bildungsstandards GmbH<\/strong> Leutstettener Str. 28 82319 Starnberg Tel.: 089 \/ 55071 &#8211; 20 Fax. 089 \/ 55071 &#8211; 99 E-Mail: info@MedienLB.de 2. Bei einem Vertrag, der eine Warenlieferung zum Gegenstand hat, ist der Verbraucher im Falle der Aus\u00fcbung des Widerrufsrechts zur R\u00fccksendung verpflichtet, wenn der Liefergegenstand durch Paket versendet werden kann. Die Kosten der R\u00fccksendung tr\u00e4gt bei Aus\u00fcbung des Widerrufsrechts bei einem Bestellwert bis zu \u20ac 40,&#8211; der Verbraucher, es sei denn, die gelieferte Ware entspricht nicht der bestellten Ware. Bei einem Bestellwert \u00fcber \u20ac 40,&#8211; hat der Verbraucher die Kosten der R\u00fccksendung nicht zu tragen. Im Falle eines wirksamen Widerrufs sind die beiderseits empfangenen Leistungen zur\u00fcckzugew\u00e4hren und gegebenenfalls gezogene Nutzungen herauszugeben. Kann die empfangene Leistung ganz oder teilweise nicht oder nur in verschlechtertem Zustand zur\u00fcckgew\u00e4hrt werden, ist insoweit gegebenenfalls Wertersatz zu leisten. Bei der \u00dcberlassung von Waren gilt dies nicht, wenn die Verschlechterung der Ware ausschlie\u00dflich auf deren Pr\u00fcfung zur\u00fcckzuf\u00fchren ist. Im \u00dcbrigen kann die Wertersatzpflicht vermieden werden, indem die Ware nicht wie von einem Eigent\u00fcmer in Gebrauch genommen wird und alles unterlassen wird, was deren Wert beeintr\u00e4chtigt.     <\/p>\n","protected":false},"excerpt":{"rendered":"<p>1. Bei einem Vertrag, der unter ausschlie\u00dflicher Verwendung von Fernkommunikationsmitteln abgeschlossen wird, hat der Verbraucher das Recht, seine auf den Abschluss des Vertrags gerichtete Willenserkl\u00e4rung innerhalb einer Frist von zwei Wochen zu widerrufen, wobei die Widerrufsfrist bei der Lieferung von Waren an dem Tag ihresEingangs beim Empf\u00e4nger, bei der wiederkehrenden Lieferung gleichartiger Waren an dem [&hellip;]<\/p>\n","protected":false},"author":2,"featured_media":0,"parent":0,"menu_order":0,"comment_status":"closed","ping_status":"closed","template":"","meta":{"_acf_changed":false,"footnotes":""},"class_list":["post-26367","page","type-page","status-publish","hentry"],"acf":[],"_links":{"self":[{"href":"https:\/\/www.medienlb.com\/en\/wp-json\/wp\/v2\/pages\/26367","targetHints":{"allow":["GET"]}}],"collection":[{"href":"https:\/\/www.medienlb.com\/en\/wp-json\/wp\/v2\/pages"}],"about":[{"href":"https:\/\/www.medienlb.com\/en\/wp-json\/wp\/v2\/types\/page"}],"author":[{"embeddable":true,"href":"https:\/\/www.medienlb.com\/en\/wp-json\/wp\/v2\/users\/2"}],"replies":[{"embeddable":true,"href":"https:\/\/www.medienlb.com\/en\/wp-json\/wp\/v2\/comments?post=26367"}],"version-history":[{"count":0,"href":"https:\/\/www.medienlb.com\/en\/wp-json\/wp\/v2\/pages\/26367\/revisions"}],"wp:attachment":[{"href":"https:\/\/www.medienlb.com\/en\/wp-json\/wp\/v2\/media?parent=26367"}],"curies":[{"name":"wp","href":"https:\/\/api.w.org\/{rel}","templated":true}]}}