{"id":26365,"date":"2023-10-13T07:12:49","date_gmt":"2023-10-13T07:12:49","guid":{"rendered":"https:\/\/www.medienlb.com\/impressum\/"},"modified":"2023-10-13T07:12:49","modified_gmt":"2023-10-13T07:12:49","slug":"impressum","status":"publish","type":"page","link":"https:\/\/www.medienlb.com\/en\/impressum\/","title":{"rendered":"Impressum"},"content":{"rendered":"<p>MedienLB &#8211; Medien f\u00fcr Lehrpl\u00e4ne und Bildungsstandards GmbH Leutstettener Stra\u00dfe 28 82319 Starnberg Tel.: 08151 \/ 55071 &#8211; 20 Fax: 08151 \/ 55071 &#8211; 99 E-Mail: <img loading=\"lazy\" decoding=\"async\" class=\"size-full wp-image-26091 alignnone\" src=\"https:\/\/www.medienlb.com\/wp-content\/uploads\/2024\/09\/Screenshot-2024-09-05-at-10.27.57.png\" alt=\"\" width=\"152\" height=\"27\" srcset=\"https:\/\/www.medienlb.com\/wp-content\/uploads\/2024\/09\/Screenshot-2024-09-05-at-10.27.57.png 152w, https:\/\/www.medienlb.com\/wp-content\/uploads\/2024\/09\/Screenshot-2024-09-05-at-10.27.57-150x27.png 150w\" sizes=\"auto, (max-width: 152px) 100vw, 152px\" \/><a href=\"https:\/\/www.MedienLB.de\">https:\/\/www.MedienLB.com<\/a> Gesch\u00e4ftsf\u00fchrung: Dr. Anita Stangl Handelsregister: Amtsgericht M\u00fcnchen, HR B 156279 Umsatzsteuer-Identifikationsnummer: DE 814320535 Haftungshinweis: Trotz sorgf\u00e4ltiger inhaltlicher Kontrolle \u00fcbernehmen wir keine Haftung f\u00fcr die Inhalte externer Links. F\u00fcr den Inhalt der verlinkten Seiten sind ausschlie\u00dflich die Betreiber verantwortlich. <\/p>\n","protected":false},"excerpt":{"rendered":"<p>MedienLB &#8211; Medien f\u00fcr Lehrpl\u00e4ne und Bildungsstandards GmbH Leutstettener Stra\u00dfe 28 82319 Starnberg Tel.: 08151 \/ 55071 &#8211; 20 Fax: 08151 \/ 55071 &#8211; 99 E-Mail: https:\/\/www.MedienLB.com Gesch\u00e4ftsf\u00fchrung: Dr. Anita Stangl Handelsregister: Amtsgericht M\u00fcnchen, HR B 156279 Umsatzsteuer-Identifikationsnummer: DE 814320535 Haftungshinweis: Trotz sorgf\u00e4ltiger inhaltlicher Kontrolle \u00fcbernehmen wir keine Haftung f\u00fcr die Inhalte externer Links. F\u00fcr [&hellip;]<\/p>\n","protected":false},"author":1,"featured_media":0,"parent":0,"menu_order":0,"comment_status":"closed","ping_status":"closed","template":"","meta":{"_acf_changed":false,"footnotes":""},"class_list":["post-26365","page","type-page","status-publish","hentry"],"acf":[],"_links":{"self":[{"href":"https:\/\/www.medienlb.com\/en\/wp-json\/wp\/v2\/pages\/26365","targetHints":{"allow":["GET"]}}],"collection":[{"href":"https:\/\/www.medienlb.com\/en\/wp-json\/wp\/v2\/pages"}],"about":[{"href":"https:\/\/www.medienlb.com\/en\/wp-json\/wp\/v2\/types\/page"}],"author":[{"embeddable":true,"href":"https:\/\/www.medienlb.com\/en\/wp-json\/wp\/v2\/users\/1"}],"replies":[{"embeddable":true,"href":"https:\/\/www.medienlb.com\/en\/wp-json\/wp\/v2\/comments?post=26365"}],"version-history":[{"count":0,"href":"https:\/\/www.medienlb.com\/en\/wp-json\/wp\/v2\/pages\/26365\/revisions"}],"wp:attachment":[{"href":"https:\/\/www.medienlb.com\/en\/wp-json\/wp\/v2\/media?parent=26365"}],"curies":[{"name":"wp","href":"https:\/\/api.w.org\/{rel}","templated":true}]}}